{"id":3699,"date":"2022-07-04T14:15:50","date_gmt":"2022-07-04T14:15:50","guid":{"rendered":"https:\/\/blank.pt\/?page_id=3699"},"modified":"2023-05-16T14:54:16","modified_gmt":"2023-05-16T14:54:16","slug":"visit","status":"publish","type":"page","link":"https:\/\/blank.pt\/en\/visit\/","title":{"rendered":"Visit"},"content":{"rendered":"<div data-elementor-type=\"wp-page\" data-elementor-id=\"3699\" class=\"elementor elementor-3699\">\n\t\t\t\t\t\t<section class=\"elementor-section elementor-top-section elementor-element elementor-element-81ec53f elementor-section-full_width elementor-section-height-min-height elementor-section-height-default elementor-section-items-middle\" data-id=\"81ec53f\" data-element_type=\"section\" data-e-type=\"section\" id=\"head\" data-settings=\"{&quot;background_background&quot;:&quot;classic&quot;}\">\n\t\t\t\t\t\t<div class=\"elementor-container elementor-column-gap-default\">\n\t\t\t\t\t<div class=\"elementor-column elementor-col-100 elementor-top-column elementor-element elementor-element-3b8b702\" data-id=\"3b8b702\" data-element_type=\"column\" data-e-type=\"column\">\n\t\t\t<div class=\"elementor-widget-wrap elementor-element-populated\">\n\t\t\t\t\t\t<div class=\"elementor-element elementor-element-465c233 elementor-widget__width-inherit elementor-widget elementor-widget-heading\" data-id=\"465c233\" data-element_type=\"widget\" data-e-type=\"widget\" data-widget_type=\"heading.default\">\n\t\t\t\t<div class=\"elementor-widget-container\">\n\t\t\t\t\t<h2 class=\"elementor-heading-title elementor-size-default\">THANK YOU FOR YOUR VISIT<\/h2>\t\t\t\t<\/div>\n\t\t\t\t<\/div>\n\t\t\t\t<div class=\"elementor-element elementor-element-f5ab78a elementor-widget__width-inherit elementor-widget elementor-widget-heading\" data-id=\"f5ab78a\" data-element_type=\"widget\" data-e-type=\"widget\" data-widget_type=\"heading.default\">\n\t\t\t\t<div class=\"elementor-widget-container\">\n\t\t\t\t\t<h2 class=\"elementor-heading-title elementor-size-default\">ALGO TROUXE-O AT\u00c9 N\u00d3S,<br>a partir de agora tudo \u00e9 poss\u00edvel.<\/h2>\t\t\t\t<\/div>\n\t\t\t\t<\/div>\n\t\t\t\t<div class=\"elementor-element elementor-element-03b3dd3 elementor-view-default elementor-widget elementor-widget-icon\" data-id=\"03b3dd3\" data-element_type=\"widget\" data-e-type=\"widget\" data-widget_type=\"icon.default\">\n\t\t\t\t<div class=\"elementor-widget-container\">\n\t\t\t\t\t\t\t<div class=\"elementor-icon-wrapper\">\n\t\t\t<a class=\"elementor-icon\" href=\"#content\">\n\t\t\t<i aria-hidden=\"true\" class=\"icon icon-down-arrow1\"><\/i>\t\t\t<\/a>\n\t\t<\/div>\n\t\t\t\t\t\t<\/div>\n\t\t\t\t<\/div>\n\t\t\t\t\t<\/div>\n\t\t<\/div>\n\t\t\t\t\t<\/div>\n\t\t<\/section>\n\t\t\t\t<section class=\"elementor-section elementor-top-section elementor-element elementor-element-aeda864 elementor-section-full_width elementor-section-height-default elementor-section-height-default\" data-id=\"aeda864\" data-element_type=\"section\" data-e-type=\"section\" id=\"content\" data-settings=\"{&quot;background_background&quot;:&quot;classic&quot;}\">\n\t\t\t\t\t\t<div class=\"elementor-container elementor-column-gap-no\">\n\t\t\t\t\t<div class=\"elementor-column elementor-col-50 elementor-top-column elementor-element elementor-element-8da7bca animated-slow elementor-invisible\" data-id=\"8da7bca\" data-element_type=\"column\" data-e-type=\"column\" data-settings=\"{&quot;background_background&quot;:&quot;classic&quot;,&quot;animation&quot;:&quot;fadeInLeft&quot;,&quot;animation_delay&quot;:500}\">\n\t\t\t<div class=\"elementor-widget-wrap elementor-element-populated\">\n\t\t\t\t\t<div class=\"elementor-background-overlay\"><\/div>\n\t\t\t\t\t\t<div class=\"elementor-element elementor-element-b0e8e15 elementor-widget-mobile__width-initial elementor-widget elementor-widget-heading\" data-id=\"b0e8e15\" data-element_type=\"widget\" data-e-type=\"widget\" data-widget_type=\"heading.default\">\n\t\t\t\t<div class=\"elementor-widget-container\">\n\t\t\t\t\t<h2 class=\"elementor-heading-title elementor-size-default\">CATERING<\/h2>\t\t\t\t<\/div>\n\t\t\t\t<\/div>\n\t\t\t\t<div class=\"elementor-element elementor-element-cc0049a elementor-widget-mobile__width-initial elementor-widget elementor-widget-text-editor\" data-id=\"cc0049a\" data-element_type=\"widget\" data-e-type=\"widget\" data-widget_type=\"text-editor.default\">\n\t\t\t\t<div class=\"elementor-widget-container\">\n\t\t\t\t\t\t\t\t\t<p>We have an exclusive offer dedicated to all kind of occasions, tailored to each clients needs. Whether you're planning a gala dinner for your company, the wedding of your dreams or an intimate family party, our team is ready to present you with a day to remember.<\/p>\t\t\t\t\t\t\t\t<\/div>\n\t\t\t\t<\/div>\n\t\t\t\t<div class=\"elementor-element elementor-element-e48a3a2 elementor-align-center elementor-widget__width-auto elementor-widget elementor-widget-button\" data-id=\"e48a3a2\" data-element_type=\"widget\" data-e-type=\"widget\" data-widget_type=\"button.default\">\n\t\t\t\t<div class=\"elementor-widget-container\">\n\t\t\t\t\t\t\t\t\t<div class=\"elementor-button-wrapper\">\n\t\t\t\t\t<a class=\"elementor-button elementor-button-link elementor-size-sm\" href=\"https:\/\/blank.pt\/en\/catering-particulares\/\">\n\t\t\t\t\t\t<span class=\"elementor-button-content-wrapper\">\n\t\t\t\t\t\t\t\t\t<span class=\"elementor-button-text\">PRIVATE<\/span>\n\t\t\t\t\t<\/span>\n\t\t\t\t\t<\/a>\n\t\t\t\t<\/div>\n\t\t\t\t\t\t\t\t<\/div>\n\t\t\t\t<\/div>\n\t\t\t\t<div class=\"elementor-element elementor-element-cdd8184 elementor-align-center elementor-widget__width-auto elementor-widget elementor-widget-button\" data-id=\"cdd8184\" data-element_type=\"widget\" data-e-type=\"widget\" data-widget_type=\"button.default\">\n\t\t\t\t<div class=\"elementor-widget-container\">\n\t\t\t\t\t\t\t\t\t<div class=\"elementor-button-wrapper\">\n\t\t\t\t\t<a class=\"elementor-button elementor-button-link elementor-size-sm\" href=\"https:\/\/blank.pt\/en\/catering-casamentos\/\">\n\t\t\t\t\t\t<span class=\"elementor-button-content-wrapper\">\n\t\t\t\t\t\t\t\t\t<span class=\"elementor-button-text\">WEDDINGS<\/span>\n\t\t\t\t\t<\/span>\n\t\t\t\t\t<\/a>\n\t\t\t\t<\/div>\n\t\t\t\t\t\t\t\t<\/div>\n\t\t\t\t<\/div>\n\t\t\t\t<div class=\"elementor-element elementor-element-fb80fe6 elementor-align-center elementor-widget__width-auto elementor-widget elementor-widget-button\" data-id=\"fb80fe6\" data-element_type=\"widget\" data-e-type=\"widget\" data-widget_type=\"button.default\">\n\t\t\t\t<div class=\"elementor-widget-container\">\n\t\t\t\t\t\t\t\t\t<div class=\"elementor-button-wrapper\">\n\t\t\t\t\t<a class=\"elementor-button elementor-button-link elementor-size-sm\" href=\"https:\/\/blank.pt\/en\/catering-corporativo\/\">\n\t\t\t\t\t\t<span class=\"elementor-button-content-wrapper\">\n\t\t\t\t\t\t\t\t\t<span class=\"elementor-button-text\">CORPORATE<\/span>\n\t\t\t\t\t<\/span>\n\t\t\t\t\t<\/a>\n\t\t\t\t<\/div>\n\t\t\t\t\t\t\t\t<\/div>\n\t\t\t\t<\/div>\n\t\t\t\t\t<\/div>\n\t\t<\/div>\n\t\t\t\t<div class=\"elementor-column elementor-col-50 elementor-top-column elementor-element elementor-element-f7249bd animated-slow elementor-invisible\" data-id=\"f7249bd\" data-element_type=\"column\" data-e-type=\"column\" data-settings=\"{&quot;background_background&quot;:&quot;classic&quot;,&quot;animation&quot;:&quot;fadeInRight&quot;,&quot;animation_delay&quot;:500}\">\n\t\t\t<div class=\"elementor-widget-wrap elementor-element-populated\">\n\t\t\t\t\t<div class=\"elementor-background-overlay\"><\/div>\n\t\t\t\t\t\t<div class=\"elementor-element elementor-element-b58f383 elementor-widget-mobile__width-initial elementor-widget elementor-widget-heading\" data-id=\"b58f383\" data-element_type=\"widget\" data-e-type=\"widget\" data-widget_type=\"heading.default\">\n\t\t\t\t<div class=\"elementor-widget-container\">\n\t\t\t\t\t<h2 class=\"elementor-heading-title elementor-size-default\">SHOP<\/h2>\t\t\t\t<\/div>\n\t\t\t\t<\/div>\n\t\t\t\t<div class=\"elementor-element elementor-element-caf645f elementor-widget-mobile__width-initial elementor-widget elementor-widget-text-editor\" data-id=\"caf645f\" data-element_type=\"widget\" data-e-type=\"widget\" data-widget_type=\"text-editor.default\">\n\t\t\t\t<div class=\"elementor-widget-container\">\n\t\t\t\t\t\t\t\t\t<p>Located in Santo Est\u00eav\u00e3o, Benavente, our store has its own line of products, including a selection of meals specially prepared for Take Away. Meat, fish and vegetarian, soups or desserts, with the variety and quality that sets us apart. We defy the rules to bring you products in a sustainable and innovative way, making your meal an event in itself.<\/p>\t\t\t\t\t\t\t\t<\/div>\n\t\t\t\t<\/div>\n\t\t\t\t<div class=\"elementor-element elementor-element-761e77a elementor-align-center elementor-widget__width-auto elementor-widget elementor-widget-button\" data-id=\"761e77a\" data-element_type=\"widget\" data-e-type=\"widget\" data-widget_type=\"button.default\">\n\t\t\t\t<div class=\"elementor-widget-container\">\n\t\t\t\t\t\t\t\t\t<div class=\"elementor-button-wrapper\">\n\t\t\t\t\t<a class=\"elementor-button elementor-size-sm\" role=\"button\">\n\t\t\t\t\t\t<span class=\"elementor-button-content-wrapper\">\n\t\t\t\t\t\t\t\t\t<span class=\"elementor-button-text\">OPEN<\/span>\n\t\t\t\t\t<\/span>\n\t\t\t\t\t<\/a>\n\t\t\t\t<\/div>\n\t\t\t\t\t\t\t\t<\/div>\n\t\t\t\t<\/div>\n\t\t\t\t<div class=\"elementor-element elementor-element-5f0087c elementor-widget-mobile__width-initial elementor-widget elementor-widget-text-editor\" data-id=\"5f0087c\" data-element_type=\"widget\" data-e-type=\"widget\" data-widget_type=\"text-editor.default\">\n\t\t\t\t<div class=\"elementor-widget-container\">\n\t\t\t\t\t\t\t\t\t<p>+351 263 244 130<\/p><p>loja@blank.pt<\/p>\t\t\t\t\t\t\t\t<\/div>\n\t\t\t\t<\/div>\n\t\t\t\t<div class=\"elementor-element elementor-element-3aa03b9 elementor-align-center elementor-widget__width-auto elementor-widget elementor-widget-button\" data-id=\"3aa03b9\" data-element_type=\"widget\" data-e-type=\"widget\" data-widget_type=\"button.default\">\n\t\t\t\t<div class=\"elementor-widget-container\">\n\t\t\t\t\t\t\t\t\t<div class=\"elementor-button-wrapper\">\n\t\t\t\t\t<a class=\"elementor-button elementor-button-link elementor-size-sm\" href=\"https:\/\/blank.pt\/wp-content\/uploads\/2023\/03\/Menu-Blank-Loja-Sto-Estevao.pdf\">\n\t\t\t\t\t\t<span class=\"elementor-button-content-wrapper\">\n\t\t\t\t\t\t\t\t\t<span class=\"elementor-button-text\">MENU<\/span>\n\t\t\t\t\t<\/span>\n\t\t\t\t\t<\/a>\n\t\t\t\t<\/div>\n\t\t\t\t\t\t\t\t<\/div>\n\t\t\t\t<\/div>\n\t\t\t\t\t<\/div>\n\t\t<\/div>\n\t\t\t\t\t<\/div>\n\t\t<\/section>\n\t\t\t\t<\/div>","protected":false},"excerpt":{"rendered":"<p>OBRIGADO PELA SUA VISITA ALGO TROUXE-O AT\u00c9 N\u00d3S,a partir de agora tudo \u00e9 poss\u00edvel. CATERING Dispomos de uma oferta exclusiva e dedicada a todo o tipo de ocasi\u00f5es, desenhada caso a caso a pensar nos desejos de cada cliente. Quer esteja a planear um jantar de gala para a sua empresa, o casamento dos seus [&hellip;]<\/p>\n","protected":false},"author":1,"featured_media":0,"parent":0,"menu_order":0,"comment_status":"closed","ping_status":"closed","template":"","meta":{"om_disable_all_campaigns":false,"footnotes":""},"class_list":["post-3699","page","type-page","status-publish","hentry"],"yoast_head":"<!-- This site is optimized with the Yoast SEO plugin v27.3 - https:\/\/yoast.com\/product\/yoast-seo-wordpress\/ -->\n<title>Visit - Blank - Catering e Eventos<\/title>\n<meta name=\"robots\" content=\"index, follow, max-snippet:-1, max-image-preview:large, max-video-preview:-1\" \/>\n<link rel=\"canonical\" href=\"https:\/\/blank.pt\/en\/visit\/\" \/>\n<meta property=\"og:locale\" content=\"en_GB\" \/>\n<meta property=\"og:type\" content=\"article\" \/>\n<meta property=\"og:title\" content=\"Visit - Blank - Catering e Eventos\" \/>\n<meta property=\"og:description\" content=\"OBRIGADO PELA SUA VISITA ALGO TROUXE-O AT\u00c9 N\u00d3S,a partir de agora tudo \u00e9 poss\u00edvel. CATERING Dispomos de uma oferta exclusiva e dedicada a todo o tipo de ocasi\u00f5es, desenhada caso a caso a pensar nos desejos de cada cliente. Quer esteja a planear um jantar de gala para a sua empresa, o casamento dos seus [&hellip;]\" \/>\n<meta property=\"og:url\" content=\"https:\/\/blank.pt\/en\/visit\/\" \/>\n<meta property=\"og:site_name\" content=\"Blank - Catering e Eventos\" \/>\n<meta property=\"article:modified_time\" content=\"2023-05-16T14:54:16+00:00\" \/>\n<meta property=\"og:image\" content=\"https:\/\/blank.pt\/wp-content\/uploads\/2025\/01\/Blank-Quadrado-FINAL-Branco.png\" \/>\n\t<meta property=\"og:image:width\" content=\"1800\" \/>\n\t<meta property=\"og:image:height\" content=\"1800\" \/>\n\t<meta property=\"og:image:type\" content=\"image\/png\" \/>\n<meta name=\"twitter:card\" content=\"summary_large_image\" \/>\n<meta name=\"twitter:label1\" content=\"Estimated reading time\" \/>\n\t<meta name=\"twitter:data1\" content=\"1 minute\" \/>\n<script type=\"application\/ld+json\" class=\"yoast-schema-graph\">{\"@context\":\"https:\\\/\\\/schema.org\",\"@graph\":[{\"@type\":\"WebPage\",\"@id\":\"https:\\\/\\\/blank.pt\\\/visit\\\/\",\"url\":\"https:\\\/\\\/blank.pt\\\/visit\\\/\",\"name\":\"Visit - Blank - Catering e Eventos\",\"isPartOf\":{\"@id\":\"https:\\\/\\\/blank.pt\\\/#website\"},\"datePublished\":\"2022-07-04T14:15:50+00:00\",\"dateModified\":\"2023-05-16T14:54:16+00:00\",\"breadcrumb\":{\"@id\":\"https:\\\/\\\/blank.pt\\\/visit\\\/#breadcrumb\"},\"inLanguage\":\"en-GB\",\"potentialAction\":[{\"@type\":\"ReadAction\",\"target\":[\"https:\\\/\\\/blank.pt\\\/visit\\\/\"]}]},{\"@type\":\"BreadcrumbList\",\"@id\":\"https:\\\/\\\/blank.pt\\\/visit\\\/#breadcrumb\",\"itemListElement\":[{\"@type\":\"ListItem\",\"position\":1,\"name\":\"In\u00edcio\",\"item\":\"https:\\\/\\\/blank.pt\\\/\"},{\"@type\":\"ListItem\",\"position\":2,\"name\":\"Visit\"}]},{\"@type\":\"WebSite\",\"@id\":\"https:\\\/\\\/blank.pt\\\/#website\",\"url\":\"https:\\\/\\\/blank.pt\\\/\",\"name\":\"Blank - Catering e Eventos\",\"description\":\"Criatividade, M\u00e9todo e Personaliza\u00e7\u00e3o. Uma experi\u00eancia de catering singular preparada para superar todas as expectativas.\",\"publisher\":{\"@id\":\"https:\\\/\\\/blank.pt\\\/#organization\"},\"potentialAction\":[{\"@type\":\"SearchAction\",\"target\":{\"@type\":\"EntryPoint\",\"urlTemplate\":\"https:\\\/\\\/blank.pt\\\/?s={search_term_string}\"},\"query-input\":{\"@type\":\"PropertyValueSpecification\",\"valueRequired\":true,\"valueName\":\"search_term_string\"}}],\"inLanguage\":\"en-GB\"},{\"@type\":\"Organization\",\"@id\":\"https:\\\/\\\/blank.pt\\\/#organization\",\"name\":\"Blank\",\"url\":\"https:\\\/\\\/blank.pt\\\/\",\"logo\":{\"@type\":\"ImageObject\",\"inLanguage\":\"en-GB\",\"@id\":\"https:\\\/\\\/blank.pt\\\/#\\\/schema\\\/logo\\\/image\\\/\",\"url\":\"https:\\\/\\\/blank.pt\\\/wp-content\\\/uploads\\\/2021\\\/10\\\/Blank-Logo-Black.png\",\"contentUrl\":\"https:\\\/\\\/blank.pt\\\/wp-content\\\/uploads\\\/2021\\\/10\\\/Blank-Logo-Black.png\",\"width\":1400,\"height\":499,\"caption\":\"Blank\"},\"image\":{\"@id\":\"https:\\\/\\\/blank.pt\\\/#\\\/schema\\\/logo\\\/image\\\/\"}}]}<\/script>\n<!-- \/ Yoast SEO plugin. -->","yoast_head_json":{"title":"Visit - Blank - Catering e Eventos","robots":{"index":"index","follow":"follow","max-snippet":"max-snippet:-1","max-image-preview":"max-image-preview:large","max-video-preview":"max-video-preview:-1"},"canonical":"https:\/\/blank.pt\/en\/visit\/","og_locale":"en_GB","og_type":"article","og_title":"Visit - Blank - Catering e Eventos","og_description":"OBRIGADO PELA SUA VISITA ALGO TROUXE-O AT\u00c9 N\u00d3S,a partir de agora tudo \u00e9 poss\u00edvel. CATERING Dispomos de uma oferta exclusiva e dedicada a todo o tipo de ocasi\u00f5es, desenhada caso a caso a pensar nos desejos de cada cliente. Quer esteja a planear um jantar de gala para a sua empresa, o casamento dos seus [&hellip;]","og_url":"https:\/\/blank.pt\/en\/visit\/","og_site_name":"Blank - Catering e Eventos","article_modified_time":"2023-05-16T14:54:16+00:00","og_image":[{"width":1800,"height":1800,"url":"https:\/\/blank.pt\/wp-content\/uploads\/2025\/01\/Blank-Quadrado-FINAL-Branco.png","type":"image\/png"}],"twitter_card":"summary_large_image","twitter_misc":{"Estimated reading time":"1 minute"},"schema":{"@context":"https:\/\/schema.org","@graph":[{"@type":"WebPage","@id":"https:\/\/blank.pt\/visit\/","url":"https:\/\/blank.pt\/visit\/","name":"Visit - Blank - Catering e Eventos","isPartOf":{"@id":"https:\/\/blank.pt\/#website"},"datePublished":"2022-07-04T14:15:50+00:00","dateModified":"2023-05-16T14:54:16+00:00","breadcrumb":{"@id":"https:\/\/blank.pt\/visit\/#breadcrumb"},"inLanguage":"en-GB","potentialAction":[{"@type":"ReadAction","target":["https:\/\/blank.pt\/visit\/"]}]},{"@type":"BreadcrumbList","@id":"https:\/\/blank.pt\/visit\/#breadcrumb","itemListElement":[{"@type":"ListItem","position":1,"name":"In\u00edcio","item":"https:\/\/blank.pt\/"},{"@type":"ListItem","position":2,"name":"Visit"}]},{"@type":"WebSite","@id":"https:\/\/blank.pt\/#website","url":"https:\/\/blank.pt\/","name":"Blank - Catering e Eventos","description":"Criatividade, M\u00e9todo e Personaliza\u00e7\u00e3o. Uma experi\u00eancia de catering singular preparada para superar todas as expectativas.","publisher":{"@id":"https:\/\/blank.pt\/#organization"},"potentialAction":[{"@type":"SearchAction","target":{"@type":"EntryPoint","urlTemplate":"https:\/\/blank.pt\/?s={search_term_string}"},"query-input":{"@type":"PropertyValueSpecification","valueRequired":true,"valueName":"search_term_string"}}],"inLanguage":"en-GB"},{"@type":"Organization","@id":"https:\/\/blank.pt\/#organization","name":"Blank","url":"https:\/\/blank.pt\/","logo":{"@type":"ImageObject","inLanguage":"en-GB","@id":"https:\/\/blank.pt\/#\/schema\/logo\/image\/","url":"https:\/\/blank.pt\/wp-content\/uploads\/2021\/10\/Blank-Logo-Black.png","contentUrl":"https:\/\/blank.pt\/wp-content\/uploads\/2021\/10\/Blank-Logo-Black.png","width":1400,"height":499,"caption":"Blank"},"image":{"@id":"https:\/\/blank.pt\/#\/schema\/logo\/image\/"}}]}},"_links":{"self":[{"href":"https:\/\/blank.pt\/en\/wp-json\/wp\/v2\/pages\/3699","targetHints":{"allow":["GET"]}}],"collection":[{"href":"https:\/\/blank.pt\/en\/wp-json\/wp\/v2\/pages"}],"about":[{"href":"https:\/\/blank.pt\/en\/wp-json\/wp\/v2\/types\/page"}],"author":[{"embeddable":true,"href":"https:\/\/blank.pt\/en\/wp-json\/wp\/v2\/users\/1"}],"replies":[{"embeddable":true,"href":"https:\/\/blank.pt\/en\/wp-json\/wp\/v2\/comments?post=3699"}],"version-history":[{"count":19,"href":"https:\/\/blank.pt\/en\/wp-json\/wp\/v2\/pages\/3699\/revisions"}],"predecessor-version":[{"id":3908,"href":"https:\/\/blank.pt\/en\/wp-json\/wp\/v2\/pages\/3699\/revisions\/3908"}],"wp:attachment":[{"href":"https:\/\/blank.pt\/en\/wp-json\/wp\/v2\/media?parent=3699"}],"curies":[{"name":"wp","href":"https:\/\/api.w.org\/{rel}","templated":true}]}}